{"id":3,"date":"2019-05-21T13:06:51","date_gmt":"2019-05-21T13:06:51","guid":{"rendered":"http:\/\/luckydog.cyon.site\/?page_id=3"},"modified":"2024-04-29T07:24:45","modified_gmt":"2024-04-29T07:24:45","slug":"rechtliches","status":"publish","type":"page","link":"https:\/\/dognanny-bern.ch\/index.php\/rechtliches\/","title":{"rendered":"Impressum &#038; Rechtliches"},"content":{"rendered":"<section class=\"av_textblock_section \"  itemscope=\"itemscope\" itemtype=\"https:\/\/schema.org\/CreativeWork\" ><div class='avia_textblock  '   itemprop=\"text\" ><h2><strong>Herausgeberin<\/strong><\/h2>\n<p>Dog Nanny Bern<\/p>\n<p><a href=\"mailto:dina.furrer@dognanny-bern.ch\">dina.furrer@dognanny-bern.ch<\/a><br \/>\nTel:41 79 457 61 73<\/p>\n<h2><strong>Datenschutz<\/strong><\/h2>\n<p><strong>Verantwortung<\/strong><br \/>\nF\u00fcr alle datenschutzrechtlichen Belange bei Dog Nanny Bern ist Dina Furrer verantwortlich.<\/p>\n<p><strong>Privatsph\u00e4re<\/strong><br \/>\nDer Schutz Ihrer Privatsph\u00e4re ist uns ein wichtiges Anliegen. Dog Nanny Bern erfasst, verarbeitet und speichert die Daten von Personen, die auf die Website zugreifen, nur sofern dies f\u00fcr das Funktionieren der Website und der dazugeh\u00f6rigen Kommunikationsmassnahmen n\u00f6tig ist. Die Verarbeitung von personenbezogenen Daten erfolgt in \u00dcbereinstimmung mit dem geltenden Datenschutzrecht zu den Zwecken, f\u00fcr welche die Daten bereitgestellt wurden.<\/p>\n<p>Lesen Sie die folgenden Bedingungen bitte sorgf\u00e4ltig durch, damit Sie unsere Haltung und Verfahren zur Verarbeitung Ihrer Personendaten kennen und wissen, wie wir Cookies verwenden.<\/p>\n<p><strong>Rechtsgrundlagen<\/strong><br \/>\nDie Datenschutzgrundlagen basieren auf dem Schweizerischen Datenschutzgesetz (DSG) und der europ\u00e4ischen Datenschutzgrundverordnung (DSGVO).<\/p>\n<p><strong>Art der Datenerfassung \/ Kontaktm\u00f6glichkeiten der Website<\/strong><br \/>\nEs besteht die M\u00f6glichkeit, dass wir folgende Daten \u00fcber Sie erfassen und verarbeiten:<\/p>\n<p>Unpers\u00f6nliche Nutzungsdaten zu Ihren Besuchen auf dieser Website, wie die IP-Adresse, der verwendete Browser, Datum, Uhrzeit etc. Wenn Sie Kontakt mit uns aufnehmen, bewahren wir m\u00f6glicherweise die Aufzeichnung diese Korrespondenz auf.<\/p>\n<p><strong>Nutzung der Daten<\/strong><br \/>\nDer Besuch der Website von Dog Nanny Bern ist grunds\u00e4tzlich ohne die Angabe personenbezogener Daten m\u00f6glich.<\/p>\n<p><strong>Unpers\u00f6nliche Nutzungsdaten<\/strong>\u00a0wie die IP-Adresse, der verwendete Browser, Datum, Uhrzeit etc. enthalten keine Informationen, mit denen Sie pers\u00f6nlich identifiziert werden k\u00f6nnen und werden ohne R\u00fcckschl\u00fcsse auf Ihre Person gespeichert und ausgewertet.<\/p>\n<p>Wir nutzen diese unpers\u00f6nlichen Daten zur Sicherstellung, dass die Inhalte dieser Website so dargestellt werden, wie es f\u00fcr Ihren Computer, Ihr Smartphone oder Tablet am wirkungsvollsten ist. Ausserdem helfen uns diese Daten zum Gewinn von Erkenntnissen \u00fcber Besucheraufkommen und -verhalten auf dieser Website. Sie dienen der Analyse und Verbesserung der Website.<\/p>\n<p>Wenn Sie personenbezogene Daten mit uns teilen, werden diese strikte im Einklang mit den einschl\u00e4gigen Gesetzen und Verordnung sowie grunds\u00e4tzlich nur mit Ihrer ausdr\u00fccklichen Einwilligung erfasst und verarbeitet.<\/p>\n<p><strong>Weitergabe von Daten<\/strong><br \/>\nIhre personenbezogenen Daten werden nicht verkauft und nicht mit Dritten geteilt.<\/p>\n<p><strong>Cookies<\/strong><br \/>\nDiese Website verwendet Cookies. Cookies sind kleine Textdateien, die beim Besuch dieser Website dauerhaft oder tempor\u00e4r gespeichert werden. Zweck der Cookies ist insbesondere die Analyse der Nutzung dieser Website zur statistischen Auswertung sowie f\u00fcr kontinuierliche Verbesserungen.<\/p>\n<p>In den Einstellungen Ihres Browsers k\u00f6nnen Sie Cookies jederzeit ganz oder teilweise deaktivieren. Bei deaktivierten Cookies stehen Ihnen allenfalls nicht mehr alle Funktionen dieser Website zur Verf\u00fcgung.<\/p>\n<p><strong>Google Analytics<\/strong><br \/>\nGoogle Analytics ist eine Dienstleistung von Google Inc., 1600 Amphitheatre Parkway, Mountain View, CA 94043, USA (\u201eGoogle\u201c). Google Analytics verwendet \u201eCookies\u201c, also Textdateien, die auf Ihrem Computer gespeichert werden und eine Analyse der Nutzung unseres Angebots durch Google erm\u00f6glicht. Die durch den Cookie erfassten Informationen \u00fcber die Benutzung unserer Websites (einschlie\u00dflich Ihrer IP-Adresse) werden in der Regel an einen Server von Google in die USA \u00fcbertragen und dort gespeichert. Wir weisen darauf hin, dass auf unseren Websites Google Analytics entsprechend erweitert wurde, um eine anonymisierte Erfassung von IP-Adressen zu gew\u00e4hrleisten. Ihre IP-Adresse wird daher auf unsere Veranlassung hin von Google lediglich in gek\u00fcrzter Form erfasst, was eine Anonymisierung gew\u00e4hrleistet und keine R\u00fcckschl\u00fcsse auf Ihre Identit\u00e4t zul\u00e4sst. Im Falle der Aktivierung der IP- Anonymisierung auf unseren Websites, wird Ihre IP-Adresse von Google innerhalb von Mitgliedstaaten der Europ\u00e4ischen Union oder in anderen Vertragsstaaten des Abkommens \u00fcber den Europ\u00e4ischen Wirtschaftsraum zuvor gek\u00fcrzt. Nur in Ausnahmef\u00e4llen wird die volle IP-Adresse an einen Server von Google in den USA \u00fcbertragen und dort gek\u00fcrzt. Google wird die genannten Informationen verwenden, um Ihre Nutzung unserer Websites auszuwerten, um Reports \u00fcber die Websiteaktivit\u00e4ten f\u00fcr uns zusammenzustellen und um weitere mit der Nutzung von Websites und Internet verbundene Dienstleistungen an uns zu erbringen. Die im Rahmen von Google Analytics von Ihrem Browser \u00fcbermittelte IP-Adresse wird nicht mit anderen Daten von Google zusammengef\u00fchrt. Eine \u00dcbertragung dieser Daten durch Google an Dritte findet nur aufgrund gesetzlicher Vorschriften oder im Rahmen der Auftragsdatenverarbeitung statt. Keinesfalls wird Google ihre Daten mit anderen von Google erfassten Daten zusammenbringen. Durch die Nutzung dieser Websites erkl\u00e4ren Sie sich mit der Bearbeitung der \u00fcber Sie erhobenen Daten durch Google und der zuvor beschriebenen Art und Weise der Datenverarbeitung sowie dem benannten Zweck einverstanden. Sie k\u00f6nnen die Speicherung der Cookies durch eine entsprechende Einstellung Ihrer Browser-Software verhindern. Wir weisen Sie jedoch darauf hin, dass Sie in diesem Fall gegebenenfalls nicht s\u00e4mtliche Funktionen unserer Websites vollumf\u00e4nglich werden nutzen k\u00f6nnen. Sie k\u00f6nnen dar\u00fcber hinaus die Erfassung der durch das Cookie erzeugten und auf Ihre Nutzung dieser Websites bezogenen Daten (inkl. Ihrer IP-Adresse) an Google sowie die Verarbeitung dieser Daten durch Google verhindern, indem sie das entsprechende Browser-Plugin herunterladen und installieren.<\/p>\n<p><strong>Facebook Pixel<\/strong><br \/>\nAuf unseren Seiten sind Facebook Plugins des sozialen Netzwerks Facebook, 1601 South California Avenue, Palo Alto, CA 94304, USA integriert. Wenn Sie unsere Seite besuchen, wird \u00fcber das Facebook Plugin eine direkte Verbindung zwischen Ihrem Browser und dem Facebook-Server hergestellt. Facebook erh\u00e4lt dadurch die Information, dass Sie mit Ihrer IP-Adresse unsere Seite besucht haben. Dadurch kann Facebook den Besuch unserer Seiten Ihrem Benutzerkonto zuordnen. Die so erhaltenen Informationen k\u00f6nnen wir f\u00fcr die Anzeige von Facebook Ads oder f\u00fcr Tracking-Funktionalit\u00e4ten nutzen. Wir weisen darauf hin, dass wir als Anbieter der Seiten keine Kenntnis vom Inhalt der \u00fcbermittelten Daten sowie deren Nutzung durch Facebook erhalten. Weitere Informationen hierzu finden Sie in der Datenschutzerkl\u00e4rung von Facebook.<\/p>\n<p><strong>Unverbindlichkeit<\/strong><br \/>\nW\u00e4hrend Dog Nanny Bern stets bem\u00fcht ist, korrekte und aktuelle Informationen auf der Website bereitzustellen, wird keinerlei Gew\u00e4hrleistung hinsichtlich der Inhalte \u00fcbernommen. Alle Informationen, die sich auf der Website von Dog Nanny Bern befinden, sind unverbindlich. Die publizierten Informationen k\u00f6nnen jederzeit und ohne vorherige Ank\u00fcndigung ge\u00e4ndert, gel\u00f6scht oder die Ver\u00f6ffentlichung zeitweise oder endg\u00fcltig eingestellt werden. Dog Nanny Bern \u00fcbernimmt keinerlei Gew\u00e4hr (weder ausdr\u00fccklich noch stillschweigend) f\u00fcr Korrektheit, Vollst\u00e4ndigkeit und Aktualit\u00e4t der auf der Website bereitgestellten Informationen. Dog Nanny Bern ist insbesondere nicht verpflichtet, nicht mehr aktuelle Informationen von der Website zu entfernen oder sie ausdr\u00fccklich als solche zu kennzeichnen.<\/p>\n<p><strong>Haftungsbeschr\u00e4nkungen<\/strong><br \/>\nDie Nutzung der Inhalte und Informationen, die auf der Website von Dog Nanny Bern zur Verf\u00fcgung gestellt werden, erfolgt auf alleinige Gefahr der Benutzer. Dog Nanny Bern schliesst uneingeschr\u00e4nkt jede Haftung f\u00fcr Verluste bzw. Sch\u00e4den irgendwelcher Art aus \u2013 sei es f\u00fcr direkte, indirekte oder Folgesch\u00e4den \u2013, die sich aus der Ben\u00fctzung der Website von Dog Nanny Bern oder aus Links zu Websites Dritter ergeben sollten. Zudem lehnt Dog Nanny Bern jede Haftung f\u00fcr Manipulationen am EDV-System des Internet-Benutzers durch Unbefugte ab.<\/p>\n<p><strong>Links zu anderen Websites<\/strong><br \/>\nGewisse Links auf der Website von Dog Nanny Bern f\u00fchren zu Websites Dritter. Diese sind dem Einfluss von Dog Nanny Bern vollst\u00e4ndig entzogen, weshalb f\u00fcr Richtigkeit, Vollst\u00e4ndigkeit und Rechtm\u00e4ssigkeit des Inhalts solcher Websites sowie f\u00fcr allf\u00e4llige darauf enthaltene Angebote keinerlei Verantwortung \u00fcbernommen wird. F\u00fcr illegale, fehlerhafte oder unvollst\u00e4ndige Inhalte und insbesondere f\u00fcr Sch\u00e4den, die aus der Nutzung oder Nichtnutzung von Links entstehen, haftet allein der Anbieter der Site.<\/p>\n<p><strong>Urheberrechte<\/strong><br \/>\nDer gesamte Inhalt der Website von Dog Nanny Bern ist urheberrechtlich gesch\u00fctzt. Die kommerzielle Nutzung des Inhaltes durch jede Art der Vervielf\u00e4ltigung, Verbreitung und Ver\u00e4nderung ist ohne vorherige schriftliche Zustimmung von Dog Nanny Bern nicht gestattet. S\u00e4mtliche Eigentumsrechte verbleiben bei Dog Nanny Bern.<\/p>\n<\/div><\/section>\n","protected":false},"excerpt":{"rendered":"","protected":false},"author":1,"featured_media":0,"parent":0,"menu_order":0,"comment_status":"closed","ping_status":"open","template":"","meta":{"footnotes":""},"class_list":["post-3","page","type-page","status-publish","hentry"],"yoast_head":"<!-- This site is optimized with the Yoast SEO plugin v22.6 - https:\/\/yoast.com\/wordpress\/plugins\/seo\/ -->\n<title>Impressum &amp; Rechtliches | Dog Nanny<\/title>\n<meta name=\"robots\" content=\"noindex, nofollow\" \/>\n<meta property=\"og:locale\" content=\"en_US\" \/>\n<meta property=\"og:type\" content=\"article\" \/>\n<meta property=\"og:title\" content=\"Impressum &amp; Rechtliches | Dog Nanny\" \/>\n<meta property=\"og:url\" content=\"https:\/\/dognanny-bern.ch\/index.php\/rechtliches\/\" \/>\n<meta property=\"og:site_name\" content=\"Dog Nanny\" \/>\n<meta property=\"article:modified_time\" content=\"2024-04-29T07:24:45+00:00\" \/>\n<meta name=\"twitter:card\" content=\"summary_large_image\" \/>\n<meta name=\"twitter:label1\" content=\"Est. reading time\" \/>\n\t<meta name=\"twitter:data1\" content=\"6 minutes\" \/>\n<script type=\"application\/ld+json\" class=\"yoast-schema-graph\">{\"@context\":\"https:\/\/schema.org\",\"@graph\":[{\"@type\":\"WebPage\",\"@id\":\"https:\/\/dognanny-bern.ch\/index.php\/rechtliches\/\",\"url\":\"https:\/\/dognanny-bern.ch\/index.php\/rechtliches\/\",\"name\":\"Impressum & Rechtliches | Dog Nanny\",\"isPartOf\":{\"@id\":\"https:\/\/dognanny-bern.ch\/#website\"},\"datePublished\":\"2019-05-21T13:06:51+00:00\",\"dateModified\":\"2024-04-29T07:24:45+00:00\",\"breadcrumb\":{\"@id\":\"https:\/\/dognanny-bern.ch\/index.php\/rechtliches\/#breadcrumb\"},\"inLanguage\":\"en-US\",\"potentialAction\":[{\"@type\":\"ReadAction\",\"target\":[\"https:\/\/dognanny-bern.ch\/index.php\/rechtliches\/\"]}]},{\"@type\":\"BreadcrumbList\",\"@id\":\"https:\/\/dognanny-bern.ch\/index.php\/rechtliches\/#breadcrumb\",\"itemListElement\":[{\"@type\":\"ListItem\",\"position\":1,\"name\":\"Home\",\"item\":\"https:\/\/dognanny-bern.ch\/index.php\/home\/\"},{\"@type\":\"ListItem\",\"position\":2,\"name\":\"Impressum &#038; Rechtliches\"}]},{\"@type\":\"WebSite\",\"@id\":\"https:\/\/dognanny-bern.ch\/#website\",\"url\":\"https:\/\/dognanny-bern.ch\/\",\"name\":\"Dog Nanny\",\"description\":\"\",\"potentialAction\":[{\"@type\":\"SearchAction\",\"target\":{\"@type\":\"EntryPoint\",\"urlTemplate\":\"https:\/\/dognanny-bern.ch\/?s={search_term_string}\"},\"query-input\":\"required name=search_term_string\"}],\"inLanguage\":\"en-US\"}]}<\/script>\n<!-- \/ Yoast SEO plugin. -->","yoast_head_json":{"title":"Impressum & Rechtliches | Dog Nanny","robots":{"index":"noindex","follow":"nofollow"},"og_locale":"en_US","og_type":"article","og_title":"Impressum & Rechtliches | Dog Nanny","og_url":"https:\/\/dognanny-bern.ch\/index.php\/rechtliches\/","og_site_name":"Dog Nanny","article_modified_time":"2024-04-29T07:24:45+00:00","twitter_card":"summary_large_image","twitter_misc":{"Est. reading time":"6 minutes"},"schema":{"@context":"https:\/\/schema.org","@graph":[{"@type":"WebPage","@id":"https:\/\/dognanny-bern.ch\/index.php\/rechtliches\/","url":"https:\/\/dognanny-bern.ch\/index.php\/rechtliches\/","name":"Impressum & Rechtliches | Dog Nanny","isPartOf":{"@id":"https:\/\/dognanny-bern.ch\/#website"},"datePublished":"2019-05-21T13:06:51+00:00","dateModified":"2024-04-29T07:24:45+00:00","breadcrumb":{"@id":"https:\/\/dognanny-bern.ch\/index.php\/rechtliches\/#breadcrumb"},"inLanguage":"en-US","potentialAction":[{"@type":"ReadAction","target":["https:\/\/dognanny-bern.ch\/index.php\/rechtliches\/"]}]},{"@type":"BreadcrumbList","@id":"https:\/\/dognanny-bern.ch\/index.php\/rechtliches\/#breadcrumb","itemListElement":[{"@type":"ListItem","position":1,"name":"Home","item":"https:\/\/dognanny-bern.ch\/index.php\/home\/"},{"@type":"ListItem","position":2,"name":"Impressum &#038; Rechtliches"}]},{"@type":"WebSite","@id":"https:\/\/dognanny-bern.ch\/#website","url":"https:\/\/dognanny-bern.ch\/","name":"Dog Nanny","description":"","potentialAction":[{"@type":"SearchAction","target":{"@type":"EntryPoint","urlTemplate":"https:\/\/dognanny-bern.ch\/?s={search_term_string}"},"query-input":"required name=search_term_string"}],"inLanguage":"en-US"}]}},"_links":{"self":[{"href":"https:\/\/dognanny-bern.ch\/index.php\/wp-json\/wp\/v2\/pages\/3","targetHints":{"allow":["GET"]}}],"collection":[{"href":"https:\/\/dognanny-bern.ch\/index.php\/wp-json\/wp\/v2\/pages"}],"about":[{"href":"https:\/\/dognanny-bern.ch\/index.php\/wp-json\/wp\/v2\/types\/page"}],"author":[{"embeddable":true,"href":"https:\/\/dognanny-bern.ch\/index.php\/wp-json\/wp\/v2\/users\/1"}],"replies":[{"embeddable":true,"href":"https:\/\/dognanny-bern.ch\/index.php\/wp-json\/wp\/v2\/comments?post=3"}],"version-history":[{"count":9,"href":"https:\/\/dognanny-bern.ch\/index.php\/wp-json\/wp\/v2\/pages\/3\/revisions"}],"predecessor-version":[{"id":559,"href":"https:\/\/dognanny-bern.ch\/index.php\/wp-json\/wp\/v2\/pages\/3\/revisions\/559"}],"wp:attachment":[{"href":"https:\/\/dognanny-bern.ch\/index.php\/wp-json\/wp\/v2\/media?parent=3"}],"curies":[{"name":"wp","href":"https:\/\/api.w.org\/{rel}","templated":true}]}}